{"id":1352,"date":"2021-04-12T22:14:55","date_gmt":"2021-04-12T20:14:55","guid":{"rendered":"https:\/\/wuhlewanderer.de\/lutherzwerge\/?page_id=1352"},"modified":"2021-04-12T22:14:55","modified_gmt":"2021-04-12T20:14:55","slug":"berliner-bildungsprogramm","status":"publish","type":"page","link":"https:\/\/wuhlewanderer.de\/diwalizwerge\/index.php\/berliner-bildungsprogramm\/","title":{"rendered":"Berliner Bildungsprogramm"},"content":{"rendered":"\t\t<div data-elementor-type=\"wp-page\" data-elementor-id=\"1352\" class=\"elementor elementor-1352\">\n\t\t\t\t\t\t<section class=\"ob-is-breaking-bad elementor-section elementor-top-section elementor-element elementor-element-4ee74b16 elementor-section-boxed elementor-section-height-default elementor-section-height-default\" data-id=\"4ee74b16\" data-element_type=\"section\" data-e-type=\"section\" data-settings=\"{&quot;_ob_bbad_use_it&quot;:&quot;yes&quot;,&quot;_ob_bbad_sssic_use&quot;:&quot;no&quot;,&quot;_ob_glider_is_slider&quot;:&quot;no&quot;}\">\n\t\t\t\t\t\t<div class=\"elementor-container elementor-column-gap-default\">\n\t\t\t\t\t<div class=\"elementor-column elementor-col-100 elementor-top-column elementor-element elementor-element-30e485aa\" data-id=\"30e485aa\" data-element_type=\"column\" data-e-type=\"column\" data-settings=\"{&quot;_ob_bbad_is_stalker&quot;:&quot;no&quot;,&quot;_ob_teleporter_use&quot;:false,&quot;_ob_column_hoveranimator&quot;:&quot;no&quot;,&quot;_ob_column_has_pseudo&quot;:&quot;no&quot;}\">\n\t\t\t<div class=\"elementor-widget-wrap elementor-element-populated\">\n\t\t\t\t\t\t<div class=\"elementor-element elementor-element-7352bc26 ob-harakiri-inherit ob-has-background-overlay elementor-widget elementor-widget-text-editor\" data-id=\"7352bc26\" data-element_type=\"widget\" data-e-type=\"widget\" data-settings=\"{&quot;_ob_use_harakiri&quot;:&quot;yes&quot;,&quot;_ob_harakiri_writing_mode&quot;:&quot;inherit&quot;,&quot;_ob_postman_use&quot;:&quot;no&quot;,&quot;_ob_perspektive_use&quot;:&quot;no&quot;,&quot;_ob_poopart_use&quot;:&quot;yes&quot;,&quot;_ob_shadough_use&quot;:&quot;no&quot;,&quot;_ob_allow_hoveranimator&quot;:&quot;no&quot;,&quot;_ob_widget_stalker_use&quot;:&quot;no&quot;}\" data-widget_type=\"text-editor.default\">\n\t\t\t\t<div class=\"elementor-widget-container\">\n\t\t\t\t\t\t\t\t\t<p><b><span data-contrast=\"auto\">Unsere P\u00e4dagogen a<\/span><\/b><b><span data-contrast=\"auto\">rbeiten mit dem Berliner Bildungsprogramm<\/span><\/b><span data-ccp-props=\"{\">\u00a0<\/span><\/p><p><span data-contrast=\"auto\">Das Berliner Bildungsprogramm (in der Praxis auch \u00bbBBP\u00ab genannt) dient als Arbeitsgrundlage der P\u00e4dagogen in der <\/span><span data-contrast=\"auto\">Arbeit mit den Kindern<\/span><span data-contrast=\"auto\">. Die Arbeit damit ist f\u00fcr die Kitas verbindlich. Ziel ist es, jedes Kind nach seinen individuellen Bed\u00fcrfnissen und seinem Entwicklungsstand zu begleiten und zu f\u00f6rdern. Das Berliner Bildungsprogramm untergliedert sich in 6 Bildungsbereiche. <\/span><span data-ccp-props=\"{\">\u00a0<\/span><\/p><ol><li style=\"list-style-type: none;\"><ol><li><span style=\"color: #0000ff;\" data-contrast=\"none\">Gesundheit<\/span><span data-ccp-props=\"{\">\u00a0<\/span><\/li><li><span style=\"color: #ff0000;\" data-contrast=\"none\">Soziales und kulturelles Leben<\/span><span data-ccp-props=\"{\">\u00a0<\/span><\/li><li><span style=\"color: #008000;\" data-contrast=\"none\">Kommunikation: Sprachen, Medien, Schriftkultur<\/span><span data-ccp-props=\"{\">\u00a0<\/span><\/li><li><span style=\"color: #ff9900;\">Kunst: Bildnerisches Gestalten, Musik, Theater\u00a0<\/span><\/li><li><span style=\"color: #33cccc;\">Mathematik\u00a0<\/span><\/li><li><span style=\"color: #ff00ff;\" data-contrast=\"none\">Natur-Umwelt-Technik<\/span><\/li><\/ol><\/li><\/ol><p><span data-contrast=\"auto\">Im gesamten Tagesablauf der Kita, werden alle Bereiche bedient.<\/span><\/p>\t\t\t\t\t\t\t\t<\/div>\n\t\t\t\t<\/div>\n\t\t\t\t\t<\/div>\n\t\t<\/div>\n\t\t\t\t\t<\/div>\n\t\t<\/section>\n\t\t\t\t<section class=\"ob-is-breaking-bad elementor-section elementor-top-section elementor-element elementor-element-479818ea elementor-section-boxed elementor-section-height-default elementor-section-height-default\" data-id=\"479818ea\" data-element_type=\"section\" data-e-type=\"section\" data-settings=\"{&quot;_ob_bbad_use_it&quot;:&quot;yes&quot;,&quot;_ob_bbad_sssic_use&quot;:&quot;no&quot;,&quot;_ob_glider_is_slider&quot;:&quot;no&quot;}\">\n\t\t\t\t\t\t<div class=\"elementor-container elementor-column-gap-default\">\n\t\t\t\t\t<div class=\"elementor-column elementor-col-100 elementor-top-column elementor-element elementor-element-1b93540a\" data-id=\"1b93540a\" data-element_type=\"column\" data-e-type=\"column\" data-settings=\"{&quot;_ob_bbad_is_stalker&quot;:&quot;no&quot;,&quot;_ob_teleporter_use&quot;:false,&quot;_ob_column_hoveranimator&quot;:&quot;no&quot;,&quot;_ob_column_has_pseudo&quot;:&quot;no&quot;}\">\n\t\t\t<div class=\"elementor-widget-wrap elementor-element-populated\">\n\t\t\t\t\t\t<div class=\"elementor-element elementor-element-16b6c1cc content-align-cta-default ob-has-background-overlay elementor-widget elementor-widget-eael-cta-box\" data-id=\"16b6c1cc\" data-element_type=\"widget\" data-e-type=\"widget\" data-settings=\"{&quot;_ob_perspektive_use&quot;:&quot;no&quot;,&quot;_ob_poopart_use&quot;:&quot;yes&quot;,&quot;_ob_shadough_use&quot;:&quot;no&quot;,&quot;_ob_allow_hoveranimator&quot;:&quot;no&quot;,&quot;_ob_widget_stalker_use&quot;:&quot;no&quot;}\" data-widget_type=\"eael-cta-box.default\">\n\t\t\t\t<div class=\"elementor-widget-container\">\n\t\t\t\t\t\t\t<div class=\"eael-call-to-action cta-basic bg-lite cta-preset-1\">\n        <h4 class=\"sub-title\">Mehr Informationen f\u00fcr Eltern \u00fcber das Berliner Bildungsprogramm:<\/h4><a href=\"https:\/\/wuhlewanderer.de\/fuchtelzwerge\/wp-content\/uploads\/2020\/10\/deutsch-bbp-informationen-fuer-eltern.pdf\" class=\"cta-button cta-preset-1  \">Hier finden Sie eine kleine Brosch\u00fcre (PDF) vom Senat<\/a>\t<\/div>\n\t\t\t\t\t\t\t\t<\/div>\n\t\t\t\t<\/div>\n\t\t\t\t\t<\/div>\n\t\t<\/div>\n\t\t\t\t\t<\/div>\n\t\t<\/section>\n\t\t\t\t<\/div>\n\t\t","protected":false},"excerpt":{"rendered":"<p>Unsere P\u00e4dagogen arbeiten mit dem Berliner Bildungsprogramm\u00a0 Das Berliner Bildungsprogramm (in der Praxis auch \u00bbBBP\u00ab genannt) dient als Arbeitsgrundlage der P\u00e4dagogen in der Arbeit mit den Kindern. Die Arbeit damit ist f\u00fcr die Kitas verbindlich. Ziel ist es, jedes Kind nach seinen individuellen Bed\u00fcrfnissen und seinem Entwicklungsstand zu begleiten und zu f\u00f6rdern. Das Berliner Bildungsprogramm [&hellip;]<\/p>\n","protected":false},"author":1,"featured_media":0,"parent":0,"menu_order":0,"comment_status":"closed","ping_status":"closed","template":"","meta":{"footnotes":""},"class_list":["post-1352","page","type-page","status-publish","hentry"],"_links":{"self":[{"href":"https:\/\/wuhlewanderer.de\/diwalizwerge\/index.php\/wp-json\/wp\/v2\/pages\/1352","targetHints":{"allow":["GET"]}}],"collection":[{"href":"https:\/\/wuhlewanderer.de\/diwalizwerge\/index.php\/wp-json\/wp\/v2\/pages"}],"about":[{"href":"https:\/\/wuhlewanderer.de\/diwalizwerge\/index.php\/wp-json\/wp\/v2\/types\/page"}],"author":[{"embeddable":true,"href":"https:\/\/wuhlewanderer.de\/diwalizwerge\/index.php\/wp-json\/wp\/v2\/users\/1"}],"replies":[{"embeddable":true,"href":"https:\/\/wuhlewanderer.de\/diwalizwerge\/index.php\/wp-json\/wp\/v2\/comments?post=1352"}],"version-history":[{"count":0,"href":"https:\/\/wuhlewanderer.de\/diwalizwerge\/index.php\/wp-json\/wp\/v2\/pages\/1352\/revisions"}],"wp:attachment":[{"href":"https:\/\/wuhlewanderer.de\/diwalizwerge\/index.php\/wp-json\/wp\/v2\/media?parent=1352"}],"curies":[{"name":"wp","href":"https:\/\/api.w.org\/{rel}","templated":true}]}}