{"id":17,"date":"2016-10-16T21:29:57","date_gmt":"2016-10-16T19:29:57","guid":{"rendered":"http:\/\/ww.webitizer.de\/wuhlewanderer\/?page_id=17"},"modified":"2023-01-29T21:30:48","modified_gmt":"2023-01-29T21:30:48","slug":"konzept","status":"publish","type":"page","link":"https:\/\/wuhlewanderer.de\/diwalizwerge\/index.php\/konzept\/","title":{"rendered":"Konzept"},"content":{"rendered":"\t\t<div data-elementor-type=\"wp-page\" data-elementor-id=\"17\" class=\"elementor elementor-17\">\n\t\t\t\t\t\t<section class=\"ob-is-breaking-bad elementor-section elementor-top-section elementor-element elementor-element-87fde63 elementor-section-boxed elementor-section-height-default elementor-section-height-default\" data-id=\"87fde63\" data-element_type=\"section\" data-e-type=\"section\" data-settings=\"{&quot;_ob_bbad_use_it&quot;:&quot;yes&quot;,&quot;_ob_bbad_sssic_use&quot;:&quot;no&quot;,&quot;_ob_glider_is_slider&quot;:&quot;no&quot;}\">\n\t\t\t\t\t\t\t<div class=\"elementor-background-overlay\"><\/div>\n\t\t\t\t\t\t\t<div class=\"elementor-container elementor-column-gap-default\">\n\t\t\t\t\t<div class=\"elementor-column elementor-col-100 elementor-top-column elementor-element elementor-element-372cb3e\" data-id=\"372cb3e\" data-element_type=\"column\" data-e-type=\"column\" data-settings=\"{&quot;background_background&quot;:&quot;classic&quot;,&quot;_ob_bbad_is_stalker&quot;:&quot;no&quot;,&quot;_ob_teleporter_use&quot;:false,&quot;_ob_column_hoveranimator&quot;:&quot;no&quot;,&quot;_ob_column_has_pseudo&quot;:&quot;no&quot;}\">\n\t\t\t<div class=\"elementor-widget-wrap elementor-element-populated\">\n\t\t\t\t\t\t<div class=\"elementor-element elementor-element-10e4460 content-align-cta-default ob-has-background-overlay elementor-widget elementor-widget-eael-cta-box\" data-id=\"10e4460\" data-element_type=\"widget\" data-e-type=\"widget\" data-settings=\"{&quot;_ob_perspektive_use&quot;:&quot;no&quot;,&quot;_ob_poopart_use&quot;:&quot;yes&quot;,&quot;_ob_shadough_use&quot;:&quot;no&quot;,&quot;_ob_allow_hoveranimator&quot;:&quot;no&quot;,&quot;_ob_widget_stalker_use&quot;:&quot;no&quot;}\" data-widget_type=\"eael-cta-box.default\">\n\t\t\t\t<div class=\"elementor-widget-container\">\n\t\t\t\t\t\t\t<div class=\"eael-call-to-action cta-basic bg-lite cta-preset-1\">\n        <h4 class=\"sub-title\">Hier finden Sie das Konzept der Kita Diwalizwerge<\/h4><h3 class=\"title eael-cta-heading\">Das Konzept wird regelm\u00e4\u00dfig intern evaluiert. Bei Fragen k\u00f6nnen Sie gern auf uns zukommen bzw. anrufen.<\/h3><a href=\"https:\/\/wuhlewanderer.de\/diwalizwerge\/wp-content\/uploads\/2023\/01\/paedagogische-Konzept-Kita-Divalizwerge-2023.pdf\" target=\"_blank\" class=\"cta-button cta-preset-1  \">KONZEPT (PDF)<\/a>\t<\/div>\n\t\t\t\t\t\t\t\t<\/div>\n\t\t\t\t<\/div>\n\t\t\t\t\t<\/div>\n\t\t<\/div>\n\t\t\t\t\t<\/div>\n\t\t<\/section>\n\t\t\t\t<\/div>\n\t\t","protected":false},"excerpt":{"rendered":"<p>Hier finden Sie das Konzept der Kita Diwalizwerge Das Konzept wird regelm\u00e4\u00dfig intern evaluiert. Bei Fragen k\u00f6nnen Sie gern auf uns zukommen bzw. anrufen. KONZEPT (PDF)<\/p>\n","protected":false},"author":1,"featured_media":0,"parent":0,"menu_order":0,"comment_status":"closed","ping_status":"closed","template":"","meta":{"footnotes":""},"class_list":["post-17","page","type-page","status-publish","hentry"],"_links":{"self":[{"href":"https:\/\/wuhlewanderer.de\/diwalizwerge\/index.php\/wp-json\/wp\/v2\/pages\/17","targetHints":{"allow":["GET"]}}],"collection":[{"href":"https:\/\/wuhlewanderer.de\/diwalizwerge\/index.php\/wp-json\/wp\/v2\/pages"}],"about":[{"href":"https:\/\/wuhlewanderer.de\/diwalizwerge\/index.php\/wp-json\/wp\/v2\/types\/page"}],"author":[{"embeddable":true,"href":"https:\/\/wuhlewanderer.de\/diwalizwerge\/index.php\/wp-json\/wp\/v2\/users\/1"}],"replies":[{"embeddable":true,"href":"https:\/\/wuhlewanderer.de\/diwalizwerge\/index.php\/wp-json\/wp\/v2\/comments?post=17"}],"version-history":[{"count":6,"href":"https:\/\/wuhlewanderer.de\/diwalizwerge\/index.php\/wp-json\/wp\/v2\/pages\/17\/revisions"}],"predecessor-version":[{"id":2135,"href":"https:\/\/wuhlewanderer.de\/diwalizwerge\/index.php\/wp-json\/wp\/v2\/pages\/17\/revisions\/2135"}],"wp:attachment":[{"href":"https:\/\/wuhlewanderer.de\/diwalizwerge\/index.php\/wp-json\/wp\/v2\/media?parent=17"}],"curies":[{"name":"wp","href":"https:\/\/api.w.org\/{rel}","templated":true}]}}