{"id":6,"date":"2016-10-16T13:42:46","date_gmt":"2016-10-16T11:42:46","guid":{"rendered":"http:\/\/ww.webitizer.de\/?page_id=6"},"modified":"2025-07-15T21:14:29","modified_gmt":"2025-07-15T21:14:29","slug":"news","status":"publish","type":"page","link":"https:\/\/wuhlewanderer.de\/diwalizwerge\/index.php\/news\/","title":{"rendered":"Beitr\u00e4ge Archiv"},"content":{"rendered":"\t\t<div data-elementor-type=\"wp-post\" data-elementor-id=\"6\" class=\"elementor elementor-6\">\n\t\t\t\t\t\t<section class=\"ob-is-breaking-bad elementor-section elementor-top-section elementor-element elementor-element-3fa6bbd5 elementor-section-stretched elementor-section-boxed elementor-section-height-default elementor-section-height-default\" data-id=\"3fa6bbd5\" data-element_type=\"section\" data-e-type=\"section\" data-settings=\"{&quot;stretch_section&quot;:&quot;section-stretched&quot;,&quot;_ob_bbad_use_it&quot;:&quot;yes&quot;,&quot;_ob_bbad_sssic_use&quot;:&quot;no&quot;,&quot;_ob_glider_is_slider&quot;:&quot;no&quot;}\">\n\t\t\t\t\t\t<div class=\"elementor-container elementor-column-gap-extended\">\n\t\t\t\t\t<div class=\"elementor-column elementor-col-50 elementor-top-column elementor-element elementor-element-426f0581\" data-id=\"426f0581\" data-element_type=\"column\" data-e-type=\"column\" data-settings=\"{&quot;background_background&quot;:&quot;classic&quot;,&quot;_ob_bbad_is_stalker&quot;:&quot;no&quot;,&quot;_ob_teleporter_use&quot;:false,&quot;_ob_column_hoveranimator&quot;:&quot;no&quot;,&quot;_ob_column_has_pseudo&quot;:&quot;no&quot;}\">\n\t\t\t<div class=\"elementor-widget-wrap elementor-element-populated\">\n\t\t\t\t\t\t<div class=\"elementor-element elementor-element-4eaee4f9 ob-has-background-overlay elementor-widget elementor-widget-widgetkit-for-elementor-blog-5\" data-id=\"4eaee4f9\" data-element_type=\"widget\" data-e-type=\"widget\" data-settings=\"{&quot;_ob_poopart_use&quot;:&quot;yes&quot;,&quot;_ob_shadough_use&quot;:&quot;no&quot;,&quot;_ob_allow_hoveranimator&quot;:&quot;no&quot;,&quot;_ob_widget_stalker_use&quot;:&quot;no&quot;}\" data-widget_type=\"widgetkit-for-elementor-blog-5.default\">\n\t\t\t\t<div class=\"elementor-widget-container\">\n\t\t\t\t\t\n<div id=\" 4eaee4f9\" class=\"tgx-blog-5\">\n    <div class=\"row\"> \n\n        \n\n     \n        <div class=\"col-md-12\">            \n            <article id=\"post-2231\">\n                <div class=\"card-container\">\n                    <div class=\"card u-clearfix\">\n                    \n                        <div class=\"card-body\n                                                        col-md-7                            \">\n\n                            \n                                                        \n                             <header class=\"entry-header\">\n                                <h4 class=\"entry-title cart-title\">\n                                    <a href=\"https:\/\/wuhlewanderer.de\/diwalizwerge\/index.php\/2023\/10\/27\/herbstfest-bei-den-diwalizwergen\/\">\n                                        Herbstfest bei den Diwalizwergen                                    <\/a>\n                                <\/h4>       \n                            <\/header><!-- .entry-header -->\n\n                                                            <div class=\"entry-content\">\n                                    <p class=\"card-description content\">\n                                        Gestern beim Herbstfest hat sich gezeigt, was f\u00fcr gro\u00dfartige Dinge f\u00fcr Kinder entstehen k\u00f6nnen, wenn alle Beteiligten Hand in Hand                                    <\/p>\n                                <\/div><!-- .entry-content -->\n                            \n                                                            <div class=\"card-read\">\n                                    <a href=\"https:\/\/wuhlewanderer.de\/diwalizwerge\/index.php\/2023\/10\/27\/herbstfest-bei-den-diwalizwergen\/\" class=\"button\">Read More     \n                                    <\/a>\n                                <\/div><!-- card-read-->\n                            \n                                                    <\/div><!-- card-body -->\n\n                                                    <div class=\"image pull-right text-right\n                                                                col-md-5                                \">\n                                \n                            <a href=\"https:\/\/wuhlewanderer.de\/diwalizwerge\/index.php\/2023\/10\/27\/herbstfest-bei-den-diwalizwergen\/\" ><img fetchpriority=\"high\" decoding=\"async\" width=\"1600\" height=\"900\" src=\"https:\/\/wuhlewanderer.de\/diwalizwerge\/wp-content\/uploads\/2023\/10\/IMG-20231026-WA0015.jpg\" class=\"card-media wp-post-image\" alt=\"\" srcset=\"https:\/\/wuhlewanderer.de\/diwalizwerge\/wp-content\/uploads\/2023\/10\/IMG-20231026-WA0015.jpg 1600w, https:\/\/wuhlewanderer.de\/diwalizwerge\/wp-content\/uploads\/2023\/10\/IMG-20231026-WA0015-300x169.jpg 300w, https:\/\/wuhlewanderer.de\/diwalizwerge\/wp-content\/uploads\/2023\/10\/IMG-20231026-WA0015-1024x576.jpg 1024w, https:\/\/wuhlewanderer.de\/diwalizwerge\/wp-content\/uploads\/2023\/10\/IMG-20231026-WA0015-768x432.jpg 768w, https:\/\/wuhlewanderer.de\/diwalizwerge\/wp-content\/uploads\/2023\/10\/IMG-20231026-WA0015-1536x864.jpg 1536w\" sizes=\"(max-width: 1600px) 100vw, 1600px\" \/><\/a>\n                            <\/div><!-- image-->\n                                            <\/div><!-- card -->\n                <\/div><!-- cart-container -->\n            <\/article><!-- post -->\n        <\/div><!-- col-md- -->\n\n                \n\n     \n        <div class=\"col-md-12\">            \n            <article id=\"post-2218\">\n                <div class=\"card-container\">\n                    <div class=\"card u-clearfix\">\n                    \n                        <div class=\"card-body\n                                                        col-md-7                            \">\n\n                            \n                                                        \n                             <header class=\"entry-header\">\n                                <h4 class=\"entry-title cart-title\">\n                                    <a href=\"https:\/\/wuhlewanderer.de\/diwalizwerge\/index.php\/2023\/10\/01\/unser-spielplatz-fuer-die-grossen-ist-fertig\/\">\n                                        Unser Spielplatz f\u00fcr die Gro\u00dfen ist                                    <\/a>\n                                <\/h4>       \n                            <\/header><!-- .entry-header -->\n\n                                                            <div class=\"entry-content\">\n                                    <p class=\"card-description content\">\n                                        Im Mai nahmen wir gemeinsam mit den Kindern einige Spielger\u00e4te in die engere Auswahl. Mit gro\u00dferMehrheit gewann ein Kletterturm mit                                    <\/p>\n                                <\/div><!-- .entry-content -->\n                            \n                                                            <div class=\"card-read\">\n                                    <a href=\"https:\/\/wuhlewanderer.de\/diwalizwerge\/index.php\/2023\/10\/01\/unser-spielplatz-fuer-die-grossen-ist-fertig\/\" class=\"button\">Read More     \n                                    <\/a>\n                                <\/div><!-- card-read-->\n                            \n                                                    <\/div><!-- card-body -->\n\n                                                    <div class=\"image pull-right text-right\n                                                                col-md-5                                \">\n                                \n                            <a href=\"https:\/\/wuhlewanderer.de\/diwalizwerge\/index.php\/2023\/10\/01\/unser-spielplatz-fuer-die-grossen-ist-fertig\/\" ><img decoding=\"async\" width=\"1200\" height=\"675\" src=\"https:\/\/wuhlewanderer.de\/diwalizwerge\/wp-content\/uploads\/2023\/10\/20230929_164659.jpg\" class=\"card-media wp-post-image\" alt=\"\" srcset=\"https:\/\/wuhlewanderer.de\/diwalizwerge\/wp-content\/uploads\/2023\/10\/20230929_164659.jpg 1200w, https:\/\/wuhlewanderer.de\/diwalizwerge\/wp-content\/uploads\/2023\/10\/20230929_164659-300x169.jpg 300w, https:\/\/wuhlewanderer.de\/diwalizwerge\/wp-content\/uploads\/2023\/10\/20230929_164659-1024x576.jpg 1024w, https:\/\/wuhlewanderer.de\/diwalizwerge\/wp-content\/uploads\/2023\/10\/20230929_164659-768x432.jpg 768w\" sizes=\"(max-width: 1200px) 100vw, 1200px\" \/><\/a>\n                            <\/div><!-- image-->\n                                            <\/div><!-- card -->\n                <\/div><!-- cart-container -->\n            <\/article><!-- post -->\n        <\/div><!-- col-md- -->\n\n                \n\n     \n        <div class=\"col-md-12\">            \n            <article id=\"post-2200\">\n                <div class=\"card-container\">\n                    <div class=\"card u-clearfix\">\n                    \n                        <div class=\"card-body\n                                                        col-md-7                            \">\n\n                            \n                                                        \n                             <header class=\"entry-header\">\n                                <h4 class=\"entry-title cart-title\">\n                                    <a href=\"https:\/\/wuhlewanderer.de\/diwalizwerge\/index.php\/2023\/04\/06\/osterfest-der-diwalizwerge\/\">\n                                        Osterfest der Diwalizwerge                                    <\/a>\n                                <\/h4>       \n                            <\/header><!-- .entry-header -->\n\n                                                            <div class=\"entry-content\">\n                                    <p class=\"card-description content\">\n                                        Am 27.03.2023 fingen unsere Ostervorbereitungen an. Bei einem gem\u00fctlichen Eltern-Kind-Caf\u00e9 bastelten wir alle gemeinsam Osterk\u00f6rbchen. Diese bef\u00fcllte der Osterhase heimlich                                    <\/p>\n                                <\/div><!-- .entry-content -->\n                            \n                                                            <div class=\"card-read\">\n                                    <a href=\"https:\/\/wuhlewanderer.de\/diwalizwerge\/index.php\/2023\/04\/06\/osterfest-der-diwalizwerge\/\" class=\"button\">Read More     \n                                    <\/a>\n                                <\/div><!-- card-read-->\n                            \n                                                    <\/div><!-- card-body -->\n\n                                                    <div class=\"image pull-right text-right\n                                                                col-md-5                                \">\n                                \n                            <a href=\"https:\/\/wuhlewanderer.de\/diwalizwerge\/index.php\/2023\/04\/06\/osterfest-der-diwalizwerge\/\" ><img decoding=\"async\" width=\"1386\" height=\"780\" src=\"https:\/\/wuhlewanderer.de\/diwalizwerge\/wp-content\/uploads\/2023\/04\/Bild1.jpg\" class=\"card-media wp-post-image\" alt=\"\" srcset=\"https:\/\/wuhlewanderer.de\/diwalizwerge\/wp-content\/uploads\/2023\/04\/Bild1.jpg 1386w, https:\/\/wuhlewanderer.de\/diwalizwerge\/wp-content\/uploads\/2023\/04\/Bild1-300x169.jpg 300w, https:\/\/wuhlewanderer.de\/diwalizwerge\/wp-content\/uploads\/2023\/04\/Bild1-1024x576.jpg 1024w, https:\/\/wuhlewanderer.de\/diwalizwerge\/wp-content\/uploads\/2023\/04\/Bild1-768x432.jpg 768w\" sizes=\"(max-width: 1386px) 100vw, 1386px\" \/><\/a>\n                            <\/div><!-- image-->\n                                            <\/div><!-- card -->\n                <\/div><!-- cart-container -->\n            <\/article><!-- post -->\n        <\/div><!-- col-md- -->\n\n                \n\n     \n        <div class=\"col-md-12\">            \n            <article id=\"post-2106\">\n                <div class=\"card-container\">\n                    <div class=\"card u-clearfix\">\n                    \n                        <div class=\"card-body\n                                                        col-md-7                            \">\n\n                            \n                                                        \n                             <header class=\"entry-header\">\n                                <h4 class=\"entry-title cart-title\">\n                                    <a href=\"https:\/\/wuhlewanderer.de\/diwalizwerge\/index.php\/2023\/01\/25\/elementor-2106\/\">\n                                        Kita Er\u00f6ffnung                                    <\/a>\n                                <\/h4>       \n                            <\/header><!-- .entry-header -->\n\n                                                            <div class=\"entry-content\">\n                                    <p class=\"card-description content\">\n                                        Zur\u00fcck Weiter Am Freitag, dem 06.01.2023, war es endlich soweit. Wir konnten die Er\u00f6ffnung der 10. Einrichtung der Wuhlewanderer gGmbH                                    <\/p>\n                                <\/div><!-- .entry-content -->\n                            \n                                                            <div class=\"card-read\">\n                                    <a href=\"https:\/\/wuhlewanderer.de\/diwalizwerge\/index.php\/2023\/01\/25\/elementor-2106\/\" class=\"button\">Read More     \n                                    <\/a>\n                                <\/div><!-- card-read-->\n                            \n                                                    <\/div><!-- card-body -->\n\n                                                    <div class=\"image pull-right text-right\n                                                                col-md-5                                \">\n                                \n                            <a href=\"https:\/\/wuhlewanderer.de\/diwalizwerge\/index.php\/2023\/01\/25\/elementor-2106\/\" ><img loading=\"lazy\" decoding=\"async\" width=\"605\" height=\"279\" src=\"https:\/\/wuhlewanderer.de\/diwalizwerge\/wp-content\/uploads\/2023\/01\/MicrosoftTeams-image-12.jpg\" class=\"card-media wp-post-image\" alt=\"\" srcset=\"https:\/\/wuhlewanderer.de\/diwalizwerge\/wp-content\/uploads\/2023\/01\/MicrosoftTeams-image-12.jpg 605w, https:\/\/wuhlewanderer.de\/diwalizwerge\/wp-content\/uploads\/2023\/01\/MicrosoftTeams-image-12-300x138.jpg 300w\" sizes=\"(max-width: 605px) 100vw, 605px\" \/><\/a>\n                            <\/div><!-- image-->\n                                            <\/div><!-- card -->\n                <\/div><!-- cart-container -->\n            <\/article><!-- post -->\n        <\/div><!-- col-md- -->\n\n                    <\/div>  <!-- row -->\n<\/div><!-- tgx-blog-5 -->\n\n    <script type=\"text\/javascript\">\n          jQuery(function($){\n              if(!$('body').hasClass('wk-blog-image')){\n                  $('body').addClass('wk-blog-image');\n              }\n          });\n\n    <\/script>\n\n\t\t\t\t<\/div>\n\t\t\t\t<\/div>\n\t\t\t\t<div class=\"elementor-element elementor-element-4fe7f064 ob-has-background-overlay elementor-widget elementor-widget-wp-widget-archives\" data-id=\"4fe7f064\" data-element_type=\"widget\" data-e-type=\"widget\" data-settings=\"{&quot;_ob_perspektive_use&quot;:&quot;no&quot;,&quot;_ob_poopart_use&quot;:&quot;yes&quot;,&quot;_ob_shadough_use&quot;:&quot;no&quot;,&quot;_ob_allow_hoveranimator&quot;:&quot;no&quot;,&quot;_ob_widget_stalker_use&quot;:&quot;no&quot;}\" data-widget_type=\"wp-widget-archives.default\">\n\t\t\t\t<div class=\"elementor-widget-container\">\n\t\t\t\t\t<h5>Archiv<\/h5>\t\t<label class=\"screen-reader-text\" for=\"archives-dropdown-REPLACE_TO_ID\">Archiv<\/label>\n\t\t<select id=\"archives-dropdown-REPLACE_TO_ID\" name=\"archive-dropdown\">\n\t\t\t\n\t\t\t<option value=\"\">Monat ausw\u00e4hlen<\/option>\n\t\t\t\t<option value='https:\/\/wuhlewanderer.de\/diwalizwerge\/index.php\/2023\/10\/'> Oktober 2023 <\/option>\n\t<option value='https:\/\/wuhlewanderer.de\/diwalizwerge\/index.php\/2023\/04\/'> April 2023 <\/option>\n\t<option value='https:\/\/wuhlewanderer.de\/diwalizwerge\/index.php\/2023\/01\/'> Januar 2023 <\/option>\n\n\t\t<\/select>\n\n\t\t\t<script>\n( ( dropdownId ) => {\n\tconst dropdown = document.getElementById( dropdownId );\n\tfunction onSelectChange() {\n\t\tsetTimeout( () => {\n\t\t\tif ( 'escape' === dropdown.dataset.lastkey ) {\n\t\t\t\treturn;\n\t\t\t}\n\t\t\tif ( dropdown.value ) {\n\t\t\t\tdocument.location.href = dropdown.value;\n\t\t\t}\n\t\t}, 250 );\n\t}\n\tfunction onKeyUp( event ) {\n\t\tif ( 'Escape' === event.key ) {\n\t\t\tdropdown.dataset.lastkey = 'escape';\n\t\t} else {\n\t\t\tdelete dropdown.dataset.lastkey;\n\t\t}\n\t}\n\tfunction onClick() {\n\t\tdelete dropdown.dataset.lastkey;\n\t}\n\tdropdown.addEventListener( 'keyup', onKeyUp );\n\tdropdown.addEventListener( 'click', onClick );\n\tdropdown.addEventListener( 'change', onSelectChange );\n})( \"archives-dropdown-REPLACE_TO_ID\" );\n\n\/\/# sourceURL=WP_Widget_Archives%3A%3Awidget\n<\/script>\n\t\t\t\t<\/div>\n\t\t\t\t<\/div>\n\t\t\t\t\t<\/div>\n\t\t<\/div>\n\t\t\t\t<div class=\"elementor-column elementor-col-50 elementor-top-column elementor-element elementor-element-78a6b51c\" data-id=\"78a6b51c\" data-element_type=\"column\" data-e-type=\"column\" data-settings=\"{&quot;_ob_bbad_is_stalker&quot;:&quot;no&quot;,&quot;_ob_teleporter_use&quot;:false,&quot;_ob_column_hoveranimator&quot;:&quot;no&quot;,&quot;_ob_column_has_pseudo&quot;:&quot;no&quot;}\">\n\t\t\t<div class=\"elementor-widget-wrap elementor-element-populated\">\n\t\t\t\t\t\t<div class=\"elementor-element elementor-element-327a8ad0 ob-harakiri-inherit ob-has-background-overlay elementor-widget elementor-widget-text-editor\" data-id=\"327a8ad0\" data-element_type=\"widget\" data-e-type=\"widget\" data-settings=\"{&quot;_ob_use_harakiri&quot;:&quot;yes&quot;,&quot;_ob_harakiri_writing_mode&quot;:&quot;inherit&quot;,&quot;_ob_postman_use&quot;:&quot;no&quot;,&quot;_ob_perspektive_use&quot;:&quot;no&quot;,&quot;_ob_poopart_use&quot;:&quot;yes&quot;,&quot;_ob_shadough_use&quot;:&quot;no&quot;,&quot;_ob_allow_hoveranimator&quot;:&quot;no&quot;,&quot;_ob_widget_stalker_use&quot;:&quot;no&quot;}\" data-widget_type=\"text-editor.default\">\n\t\t\t\t<div class=\"elementor-widget-container\">\n\t\t\t\t\t\t\t\t\t<p><span style=\"font-size: 14pt;\"><strong><img loading=\"lazy\" decoding=\"async\" class=\"alignleft wp-image-2928\" src=\"https:\/\/wuhlewanderer.de\/wuhlewanderer\/wp-content\/uploads\/2021\/02\/f_logo_RGB-Blue_58.png\" alt=\"\" width=\"35\" height=\"35\" \/>FACEBOOK:<\/strong><\/span><\/p>\t\t\t\t\t\t\t\t<\/div>\n\t\t\t\t<\/div>\n\t\t\t\t<div class=\"elementor-element elementor-element-1ec0f102 ob-has-background-overlay elementor-widget elementor-widget-shortcode\" data-id=\"1ec0f102\" data-element_type=\"widget\" data-e-type=\"widget\" data-settings=\"{&quot;_ob_perspektive_use&quot;:&quot;no&quot;,&quot;_ob_poopart_use&quot;:&quot;yes&quot;,&quot;_ob_shadough_use&quot;:&quot;no&quot;,&quot;_ob_allow_hoveranimator&quot;:&quot;no&quot;,&quot;_ob_widget_stalker_use&quot;:&quot;no&quot;}\" data-widget_type=\"shortcode.default\">\n\t\t\t\t<div class=\"elementor-widget-container\">\n\t\t\t\t\t\t\t<div class=\"elementor-shortcode\"><iframe style=\"border: none; overflow: hidden;\" src=\"https:\/\/www.facebook.com\/plugins\/page.php?href=https%3A%2F%2Fwww.facebook.com%2FWuhlewanderer%2F&amp;tabs=timeline&amp;width=400&amp;height=1000&amp;small_header=false&amp;adapt_container_width=true&amp;hide_cover=false&amp;show_facepile=true&amp;appId\" width=\"500\" height=\"1000\" frameborder=\"0\" scrolling=\"no\" allowfullscreen=\"allowfullscreen\"><\/iframe><\/div>\n\t\t\t\t\t\t<\/div>\n\t\t\t\t<\/div>\n\t\t\t\t\t<\/div>\n\t\t<\/div>\n\t\t\t\t\t<\/div>\n\t\t<\/section>\n\t\t\t\t<section class=\"ob-is-breaking-bad elementor-section elementor-top-section elementor-element elementor-element-566c774a elementor-section-boxed elementor-section-height-default elementor-section-height-default\" data-id=\"566c774a\" data-element_type=\"section\" data-e-type=\"section\" data-settings=\"{&quot;_ob_bbad_use_it&quot;:&quot;yes&quot;,&quot;_ob_bbad_sssic_use&quot;:&quot;no&quot;,&quot;_ob_glider_is_slider&quot;:&quot;no&quot;}\">\n\t\t\t\t\t\t<div class=\"elementor-container elementor-column-gap-default\">\n\t\t\t\t\t<div class=\"elementor-column elementor-col-100 elementor-top-column elementor-element elementor-element-3315cae7\" data-id=\"3315cae7\" data-element_type=\"column\" data-e-type=\"column\" data-settings=\"{&quot;_ob_bbad_is_stalker&quot;:&quot;no&quot;,&quot;_ob_teleporter_use&quot;:false,&quot;_ob_column_hoveranimator&quot;:&quot;no&quot;,&quot;_ob_column_has_pseudo&quot;:&quot;no&quot;}\">\n\t\t\t<div class=\"elementor-widget-wrap\">\n\t\t\t\t\t\t\t<\/div>\n\t\t<\/div>\n\t\t\t\t\t<\/div>\n\t\t<\/section>\n\t\t\t\t<\/div>\n\t\t","protected":false},"excerpt":{"rendered":"<p>Eine besondere \u00dcberraschung f\u00fcr unsere Zwerge Liebe Kinder der Lutherzwege, da ja bald Ostern ist und dieses Jahr leider wegen Corona immer noch alles etwas eingeschr\u00e4nkt Read More Ein Haus f\u00fcr kleine Nager Lange wurde \u00fcberlegt was f\u00fcr Tiere in die Kita Lutherzwerge einziehen k\u00f6nnten. Von Huhn bis Schaf war alles dabei. Letztlich Read More [&hellip;]<\/p>\n","protected":false},"author":1,"featured_media":0,"parent":0,"menu_order":0,"comment_status":"closed","ping_status":"closed","template":"","meta":{"footnotes":""},"class_list":["post-6","page","type-page","status-publish","hentry"],"_links":{"self":[{"href":"https:\/\/wuhlewanderer.de\/diwalizwerge\/index.php\/wp-json\/wp\/v2\/pages\/6","targetHints":{"allow":["GET"]}}],"collection":[{"href":"https:\/\/wuhlewanderer.de\/diwalizwerge\/index.php\/wp-json\/wp\/v2\/pages"}],"about":[{"href":"https:\/\/wuhlewanderer.de\/diwalizwerge\/index.php\/wp-json\/wp\/v2\/types\/page"}],"author":[{"embeddable":true,"href":"https:\/\/wuhlewanderer.de\/diwalizwerge\/index.php\/wp-json\/wp\/v2\/users\/1"}],"replies":[{"embeddable":true,"href":"https:\/\/wuhlewanderer.de\/diwalizwerge\/index.php\/wp-json\/wp\/v2\/comments?post=6"}],"version-history":[{"count":1,"href":"https:\/\/wuhlewanderer.de\/diwalizwerge\/index.php\/wp-json\/wp\/v2\/pages\/6\/revisions"}],"predecessor-version":[{"id":2271,"href":"https:\/\/wuhlewanderer.de\/diwalizwerge\/index.php\/wp-json\/wp\/v2\/pages\/6\/revisions\/2271"}],"wp:attachment":[{"href":"https:\/\/wuhlewanderer.de\/diwalizwerge\/index.php\/wp-json\/wp\/v2\/media?parent=6"}],"curies":[{"name":"wp","href":"https:\/\/api.w.org\/{rel}","templated":true}]}}