{"id":2,"date":"2016-10-16T13:24:45","date_gmt":"2016-10-16T11:24:45","guid":{"rendered":"http:\/\/ww.webitizer.de\/?page_id=2"},"modified":"2026-04-12T22:46:13","modified_gmt":"2026-04-12T20:46:13","slug":"wuhlewanderern","status":"publish","type":"page","link":"https:\/\/wuhlewanderer.de\/wuhlewanderer\/","title":{"rendered":"Herzlich Willkommen bei der Wuhlewanderer gGmbH"},"content":{"rendered":"\t\t<div data-elementor-type=\"wp-page\" data-elementor-id=\"2\" class=\"elementor elementor-2\" data-elementor-post-type=\"page\">\n\t\t\t\t\t\t<section class=\"elementor-section elementor-top-section elementor-element elementor-element-30ffc45 elementor-section-boxed elementor-section-height-default elementor-section-height-default\" data-id=\"30ffc45\" data-element_type=\"section\" data-e-type=\"section\" data-settings=\"{&quot;background_background&quot;:&quot;classic&quot;,&quot;shape_divider_bottom&quot;:&quot;waves&quot;,&quot;shape_divider_top&quot;:&quot;mountains&quot;}\">\n\t\t\t\t\t<div class=\"elementor-shape elementor-shape-top\" aria-hidden=\"true\" data-negative=\"false\">\n\t\t\t<svg xmlns=\"http:\/\/www.w3.org\/2000\/svg\" viewBox=\"0 0 1000 100\" preserveAspectRatio=\"none\">\n\t<path class=\"elementor-shape-fill\" opacity=\"0.33\" d=\"M473,67.3c-203.9,88.3-263.1-34-320.3,0C66,119.1,0,59.7,0,59.7V0h1000v59.7 c0,0-62.1,26.1-94.9,29.3c-32.8,3.3-62.8-12.3-75.8-22.1C806,49.6,745.3,8.7,694.9,4.7S492.4,59,473,67.3z\"\/>\n\t<path class=\"elementor-shape-fill\" opacity=\"0.66\" d=\"M734,67.3c-45.5,0-77.2-23.2-129.1-39.1c-28.6-8.7-150.3-10.1-254,39.1 s-91.7-34.4-149.2,0C115.7,118.3,0,39.8,0,39.8V0h1000v36.5c0,0-28.2-18.5-92.1-18.5C810.2,18.1,775.7,67.3,734,67.3z\"\/>\n\t<path class=\"elementor-shape-fill\" d=\"M766.1,28.9c-200-57.5-266,65.5-395.1,19.5C242,1.8,242,5.4,184.8,20.6C128,35.8,132.3,44.9,89.9,52.5C28.6,63.7,0,0,0,0 h1000c0,0-9.9,40.9-83.6,48.1S829.6,47,766.1,28.9z\"\/>\n<\/svg>\t\t<\/div>\n\t\t\t\t<div class=\"elementor-shape elementor-shape-bottom\" aria-hidden=\"true\" data-negative=\"false\">\n\t\t\t<svg xmlns=\"http:\/\/www.w3.org\/2000\/svg\" viewBox=\"0 0 1000 100\" preserveAspectRatio=\"none\">\n\t<path class=\"elementor-shape-fill\" d=\"M421.9,6.5c22.6-2.5,51.5,0.4,75.5,5.3c23.6,4.9,70.9,23.5,100.5,35.7c75.8,32.2,133.7,44.5,192.6,49.7\n\tc23.6,2.1,48.7,3.5,103.4-2.5c54.7-6,106.2-25.6,106.2-25.6V0H0v30.3c0,0,72,32.6,158.4,30.5c39.2-0.7,92.8-6.7,134-22.4\n\tc21.2-8.1,52.2-18.2,79.7-24.2C399.3,7.9,411.6,7.5,421.9,6.5z\"\/>\n<\/svg>\t\t<\/div>\n\t\t\t\t\t<div class=\"elementor-container elementor-column-gap-default\">\n\t\t\t\t\t<div class=\"elementor-column elementor-col-100 elementor-top-column elementor-element elementor-element-6a6eb60\" data-id=\"6a6eb60\" data-element_type=\"column\" data-e-type=\"column\">\n\t\t\t<div class=\"elementor-widget-wrap elementor-element-populated\">\n\t\t\t\t\t\t<div class=\"elementor-element elementor-element-48a44b3 elementor-widget elementor-widget-heading\" data-id=\"48a44b3\" data-element_type=\"widget\" data-e-type=\"widget\" data-widget_type=\"heading.default\">\n\t\t\t\t\t<h1 class=\"elementor-heading-title elementor-size-default\">Herzlich Willkommen bei der Wuhlewanderer gGmbH<\/h1>\t\t\t\t<\/div>\n\t\t\t\t<div class=\"elementor-element elementor-element-eec55ba elementor-widget elementor-widget-text-editor\" data-id=\"eec55ba\" data-element_type=\"widget\" data-e-type=\"widget\" data-widget_type=\"text-editor.default\">\n\t\t\t\t\t\t\t\t\t<p style=\"text-align: center;\">Wertsch\u00e4tzung leben, Vielfalt entdecken.<\/p>\t\t\t\t\t\t\t\t<\/div>\n\t\t\t\t<div class=\"elementor-element elementor-element-e5486c0 elementor-widget elementor-widget-ucaddon_image_card_content_box\" data-id=\"e5486c0\" data-element_type=\"widget\" data-e-type=\"widget\" data-widget_type=\"ucaddon_image_card_content_box.default\">\n\t\t\t\t<div class=\"elementor-widget-container\">\n\t\t\t\t\t\n<!-- start Image Card Content Box -->\n<style>\/* widget: Image Card Content Box *\/\n\n.uc_classic_content *{\n\tbox-sizing: border-box;\n}\n\n#uc_image_card_content_box_elementor_e5486c0 \n{\n\tfont-size:14px;\n\toverflow:hidden;\n\tcolor:#8a8a8a;\n\ttext-align:left;\n\tposition:relative;\n\twidth:100%;\n    box-shadow:rgba(0,0,0,0.10) 0px 5px 20px;\n}\n\n.uc_classic_content .uc_classic_content_content h2\n{\n\tfont-size:21px;\n    color:black;\n}\n\n.uc_classic_content .uc_classic_content_content p\n{\n\tline-height:1.5em;\n}\n\n.uc_classic_content .uc_classic_content_border\n{\n\tdisplay:block;\n    margin: 0 auto;\n}\n\n.uc_classic_content  .uc_classic_content_placeholder img\n{\n\twidth:100%;\n    object-fit:cover;\n}\n\n#uc_image_card_content_box_elementor_e5486c0 .uc_classic_content_content \n{\n display: flex;\n flex-flow: column nowrap;\n}\n#uc_image_card_content_box_elementor_e5486c0 .btn_wrap\n{\n  margin-top:auto;\n}\n#uc_image_card_content_box_elementor_e5486c0 .uc_classic_content_content .uc_more_btn {\n\tdisplay:inline-block;\n\ttext-decoration:none;\n\ttransition: all 0.5s ease;\n    border-style:solid;\n    text-align:center;\n    \n\n}\n\n\n\n\n\n<\/style>\n\n<div class=\"uc_classic_content\" id=\"uc_image_card_content_box_elementor_e5486c0\">\n  <span class=\"uc_classic_content_border\"><\/span>\n    \t<div class=\"uc_classic_content_container_holder\">\n                  \t<div class=\"uc_classic_content_placeholder\">\n        \t\t<img decoding=\"async\" src=\"https:\/\/i0.wp.com\/wuhlewanderer.de\/wuhlewanderer\/wp-content\/uploads\/2026\/01\/WhatsApp-Image-2026-01-15-6.jpeg?fit=1536%2C2048&amp;#038;ssl=1\" alt=\"\">\n            <\/div>\n                      <div class=\"uc_classic_content_content\">\n              <h2 style=\"\"><span  class=\"uc_style_image_card_content_box_elementor_title\" style=\"color:#2071B7;\">Wir freuen uns darauf, Sie bei uns begr\u00fc\u00dfen zu d\u00fcrfen !<\/span><\/h2>              <p style=\"\"><span  class=\"uc_style_image_card_content_box_elementor_content\" style=\"color:#000;\">Wir sind ein gemeinn\u00fctziger Tr\u00e4ger von Einrichtungen in Berlin, bei dem die selbstst\u00e4ndige Entwicklung des Kindes an erster Stelle steht. Unser engagiertes und erfahrenes Personal bietet ein abwechslungsreiches Tagesprogramm, das auf die individuellen Bed\u00fcrfnisse der Kinder abgestimmt ist. K\u00f6rperliche Bewegung sowie kreatives Erfahren und Entdecken sind wesentliche Bestandteile unserer Konzepte. Neben unseren Kindertagesst\u00e4tten betreiben wir auch ein Kinderschutzhaus. 2026 erweitern wir unser Angebot auf die station\u00e4re Hospizarbeit in Brandenburg.<\/span><\/p>              \n                            \t\t<div class=\"btn_wrap\"><a class=\"uc_more_btn\" href=\"https:\/\/wuhlewanderer.de\/wuhlewanderer\/wuhlewanderern\/wir-ueber-uns\/\" >ERFAHREN SIE MEHR \u00dcBER UNS<\/a><\/div>\n              \n            <\/div>\n        <\/div>\n   <\/div>\n<!-- end Image Card Content Box -->\t\t\t\t<\/div>\n\t\t\t\t<\/div>\n\t\t\t\t\t<\/div>\n\t\t<\/div>\n\t\t\t\t\t<\/div>\n\t\t<\/section>\n\t\t<div class=\"elementor-element elementor-element-cd9a0e2 e-flex e-con-boxed e-con e-parent\" data-id=\"cd9a0e2\" data-element_type=\"container\" data-e-type=\"container\">\n\t\t\t\t\t<div class=\"e-con-inner\">\n\t\t\t\t<div class=\"elementor-element elementor-element-11893d8 elementor-widget elementor-widget-heading\" data-id=\"11893d8\" data-element_type=\"widget\" data-e-type=\"widget\" data-widget_type=\"heading.default\">\n\t\t\t\t\t<h3 class=\"elementor-heading-title elementor-size-default\">Unsere Leistungen<\/h3>\t\t\t\t<\/div>\n\t\t\t\t\t<\/div>\n\t\t\t\t<\/div>\n\t\t\t\t<section class=\"elementor-section elementor-top-section elementor-element elementor-element-c367376 elementor-section-boxed elementor-section-height-default elementor-section-height-default\" data-id=\"c367376\" data-element_type=\"section\" data-e-type=\"section\" data-settings=\"{&quot;shape_divider_bottom&quot;:&quot;waves&quot;}\">\n\t\t\t\t\t<div class=\"elementor-shape elementor-shape-bottom\" aria-hidden=\"true\" data-negative=\"false\">\n\t\t\t<svg xmlns=\"http:\/\/www.w3.org\/2000\/svg\" viewBox=\"0 0 1000 100\" preserveAspectRatio=\"none\">\n\t<path class=\"elementor-shape-fill\" d=\"M421.9,6.5c22.6-2.5,51.5,0.4,75.5,5.3c23.6,4.9,70.9,23.5,100.5,35.7c75.8,32.2,133.7,44.5,192.6,49.7\n\tc23.6,2.1,48.7,3.5,103.4-2.5c54.7-6,106.2-25.6,106.2-25.6V0H0v30.3c0,0,72,32.6,158.4,30.5c39.2-0.7,92.8-6.7,134-22.4\n\tc21.2-8.1,52.2-18.2,79.7-24.2C399.3,7.9,411.6,7.5,421.9,6.5z\"\/>\n<\/svg>\t\t<\/div>\n\t\t\t\t\t<div class=\"elementor-container elementor-column-gap-default\">\n\t\t\t\t\t<div class=\"elementor-column elementor-col-33 elementor-top-column elementor-element elementor-element-d2d74c2\" data-id=\"d2d74c2\" data-element_type=\"column\" data-e-type=\"column\">\n\t\t\t<div class=\"elementor-widget-wrap elementor-element-populated\">\n\t\t\t\t\t\t<div class=\"elementor-element elementor-element-c8e873d elementor-widget elementor-widget-ucaddon_image_card_content_box\" data-id=\"c8e873d\" data-element_type=\"widget\" data-e-type=\"widget\" data-widget_type=\"ucaddon_image_card_content_box.default\">\n\t\t\t\t<div class=\"elementor-widget-container\">\n\t\t\t\t\t\n<!-- start Image Card Content Box -->\n<style>\/* widget: Image Card Content Box *\/\n\n.uc_classic_content *{\n\tbox-sizing: border-box;\n}\n\n#uc_image_card_content_box_elementor_c8e873d \n{\n\tfont-size:14px;\n\toverflow:hidden;\n\tcolor:#8a8a8a;\n\ttext-align:left;\n\tposition:relative;\n\twidth:100%;\n    box-shadow:rgba(0,0,0,0.10) 0px 5px 20px;\n}\n\n.uc_classic_content .uc_classic_content_content h2\n{\n\tfont-size:21px;\n    color:black;\n}\n\n.uc_classic_content .uc_classic_content_content p\n{\n\tline-height:1.5em;\n}\n\n.uc_classic_content .uc_classic_content_border\n{\n\tdisplay:block;\n    margin: 0 auto;\n}\n\n.uc_classic_content  .uc_classic_content_placeholder img\n{\n\twidth:100%;\n    object-fit:cover;\n}\n\n#uc_image_card_content_box_elementor_c8e873d .uc_classic_content_content \n{\n display: flex;\n flex-flow: column nowrap;\n}\n#uc_image_card_content_box_elementor_c8e873d .btn_wrap\n{\n  margin-top:auto;\n}\n#uc_image_card_content_box_elementor_c8e873d .uc_classic_content_content .uc_more_btn {\n\tdisplay:inline-block;\n\ttext-decoration:none;\n\ttransition: all 0.5s ease;\n    border-style:solid;\n    text-align:center;\n    \n\n}\n\n\n\n\n\n<\/style>\n\n<div class=\"uc_classic_content\" id=\"uc_image_card_content_box_elementor_c8e873d\">\n  <span class=\"uc_classic_content_border\"><\/span>\n    \t<div class=\"uc_classic_content_container_holder\">\n                  \t<div class=\"uc_classic_content_placeholder\">\n        \t\t<img decoding=\"async\" src=\"https:\/\/i0.wp.com\/wuhlewanderer.de\/wuhlewanderer\/wp-content\/uploads\/2021\/01\/B41I7401-e1617485733968.jpg?fit=800%2C533&amp;#038;ssl=1\" alt=\"\">\n            <\/div>\n                      <div class=\"uc_classic_content_content\">\n              <h2 style=\"\"><span  class=\"uc_style_image_card_content_box_elementor_title\" style=\"color:#2071B7;\">Kitas<\/span><\/h2>              <p style=\"\"><span  class=\"uc_style_image_card_content_box_elementor_content\" style=\"color:#000;\">Informieren Sie sich auf unseren Seiten \u00fcber die Angebote und Besonderheiten unserer Kitas.<\/span><\/p>              \n                            \t\t<div class=\"btn_wrap\"><a class=\"uc_more_btn\" href=\"https:\/\/wuhlewanderer.de\/wuhlewanderer\/kitas\/\" ><span  class=\"uc_style_image_card_content_box_elementor_btn_text\" >Unsere Einrichtungen<\/span><\/a><\/div>\n              \n            <\/div>\n        <\/div>\n   <\/div>\n<!-- end Image Card Content Box -->\t\t\t\t<\/div>\n\t\t\t\t<\/div>\n\t\t\t\t\t<\/div>\n\t\t<\/div>\n\t\t\t\t<div class=\"elementor-column elementor-col-33 elementor-top-column elementor-element elementor-element-2116c16\" data-id=\"2116c16\" data-element_type=\"column\" data-e-type=\"column\">\n\t\t\t<div class=\"elementor-widget-wrap elementor-element-populated\">\n\t\t\t\t\t\t<div class=\"elementor-element elementor-element-aea2225 elementor-widget elementor-widget-ucaddon_image_card_content_box\" data-id=\"aea2225\" data-element_type=\"widget\" data-e-type=\"widget\" data-widget_type=\"ucaddon_image_card_content_box.default\">\n\t\t\t\t<div class=\"elementor-widget-container\">\n\t\t\t\t\t\n<!-- start Image Card Content Box -->\n<style>\/* widget: Image Card Content Box *\/\n\n.uc_classic_content *{\n\tbox-sizing: border-box;\n}\n\n#uc_image_card_content_box_elementor_aea2225 \n{\n\tfont-size:14px;\n\toverflow:hidden;\n\tcolor:#8a8a8a;\n\ttext-align:left;\n\tposition:relative;\n\twidth:100%;\n    box-shadow:rgba(0,0,0,0.10) 0px 5px 20px;\n}\n\n.uc_classic_content .uc_classic_content_content h2\n{\n\tfont-size:21px;\n    color:black;\n}\n\n.uc_classic_content .uc_classic_content_content p\n{\n\tline-height:1.5em;\n}\n\n.uc_classic_content .uc_classic_content_border\n{\n\tdisplay:block;\n    margin: 0 auto;\n}\n\n.uc_classic_content  .uc_classic_content_placeholder img\n{\n\twidth:100%;\n    object-fit:cover;\n}\n\n#uc_image_card_content_box_elementor_aea2225 .uc_classic_content_content \n{\n display: flex;\n flex-flow: column nowrap;\n}\n#uc_image_card_content_box_elementor_aea2225 .btn_wrap\n{\n  margin-top:auto;\n}\n#uc_image_card_content_box_elementor_aea2225 .uc_classic_content_content .uc_more_btn {\n\tdisplay:inline-block;\n\ttext-decoration:none;\n\ttransition: all 0.5s ease;\n    border-style:solid;\n    text-align:center;\n    \n\n}\n\n\n\n\n\n<\/style>\n\n<div class=\"uc_classic_content\" id=\"uc_image_card_content_box_elementor_aea2225\">\n  <span class=\"uc_classic_content_border\"><\/span>\n    \t<div class=\"uc_classic_content_container_holder\">\n                  \t<div class=\"uc_classic_content_placeholder\">\n        \t\t<img decoding=\"async\" src=\"https:\/\/i0.wp.com\/wuhlewanderer.de\/wuhlewanderer\/wp-content\/uploads\/2024\/08\/AdobeStock_136868122-scaled-e1722596403329.jpeg?fit=1000%2C667&amp;#038;ssl=1\" alt=\"\">\n            <\/div>\n                      <div class=\"uc_classic_content_content\">\n              <h2 style=\"\"><span  class=\"uc_style_image_card_content_box_elementor_title\" style=\"color:#2071B7;\">Kinder- & Jugendhilfe<\/span><\/h2>              <p style=\"\"><span  class=\"uc_style_image_card_content_box_elementor_content\" style=\"color:#000;\">Das Kinderschutzhaus ist eine Notaufnahmestelle zur Inobhutnahme von Kindern in akuten Notlagen und Krisensituationen.<\/span><\/p>              \n                            \t\t<div class=\"btn_wrap\"><a class=\"uc_more_btn\" href=\"https:\/\/wuhlewanderer.de\/wuhlewanderer\/standorte\/kinderschutzhaus\/\" ><span  class=\"uc_style_image_card_content_box_elementor_btn_text\" >Kinderschutzhaus<\/span><\/a><\/div>\n              \n            <\/div>\n        <\/div>\n   <\/div>\n<!-- end Image Card Content Box -->\t\t\t\t<\/div>\n\t\t\t\t<\/div>\n\t\t\t\t\t<\/div>\n\t\t<\/div>\n\t\t\t\t<div class=\"elementor-column elementor-col-33 elementor-top-column elementor-element elementor-element-df5a7c5\" data-id=\"df5a7c5\" data-element_type=\"column\" data-e-type=\"column\">\n\t\t\t<div class=\"elementor-widget-wrap elementor-element-populated\">\n\t\t\t\t\t\t<div class=\"elementor-element elementor-element-ea253c4 elementor-widget elementor-widget-ucaddon_image_card_content_box\" data-id=\"ea253c4\" data-element_type=\"widget\" data-e-type=\"widget\" data-widget_type=\"ucaddon_image_card_content_box.default\">\n\t\t\t\t<div class=\"elementor-widget-container\">\n\t\t\t\t\t\n<!-- start Image Card Content Box -->\n<style>\/* widget: Image Card Content Box *\/\n\n.uc_classic_content *{\n\tbox-sizing: border-box;\n}\n\n#uc_image_card_content_box_elementor_ea253c4 \n{\n\tfont-size:14px;\n\toverflow:hidden;\n\tcolor:#8a8a8a;\n\ttext-align:left;\n\tposition:relative;\n\twidth:100%;\n    box-shadow:rgba(0,0,0,0.10) 0px 5px 20px;\n}\n\n.uc_classic_content .uc_classic_content_content h2\n{\n\tfont-size:21px;\n    color:black;\n}\n\n.uc_classic_content .uc_classic_content_content p\n{\n\tline-height:1.5em;\n}\n\n.uc_classic_content .uc_classic_content_border\n{\n\tdisplay:block;\n    margin: 0 auto;\n}\n\n.uc_classic_content  .uc_classic_content_placeholder img\n{\n\twidth:100%;\n    object-fit:cover;\n}\n\n#uc_image_card_content_box_elementor_ea253c4 .uc_classic_content_content \n{\n display: flex;\n flex-flow: column nowrap;\n}\n#uc_image_card_content_box_elementor_ea253c4 .btn_wrap\n{\n  margin-top:auto;\n}\n#uc_image_card_content_box_elementor_ea253c4 .uc_classic_content_content .uc_more_btn {\n\tdisplay:inline-block;\n\ttext-decoration:none;\n\ttransition: all 0.5s ease;\n    border-style:solid;\n    text-align:center;\n    \n\n}\n\n\n\n\n\n<\/style>\n\n<div class=\"uc_classic_content\" id=\"uc_image_card_content_box_elementor_ea253c4\">\n  <span class=\"uc_classic_content_border\"><\/span>\n    \t<div class=\"uc_classic_content_container_holder\">\n                  \t<div class=\"uc_classic_content_placeholder\">\n        \t\t<img decoding=\"async\" src=\"https:\/\/i0.wp.com\/wuhlewanderer.de\/wuhlewanderer\/wp-content\/uploads\/2024\/08\/AdobeStock_302164480-scaled-e1722596114477.jpeg?fit=1000%2C667&amp;#038;ssl=1\" alt=\"\">\n            <\/div>\n                      <div class=\"uc_classic_content_content\">\n              <h2 style=\"\"><span  class=\"uc_style_image_card_content_box_elementor_title\" style=\"color:#2071B7;\">Pflege & Begleiten<\/span><\/h2>              <p style=\"\"><span  class=\"uc_style_image_card_content_box_elementor_content\" style=\"color:#000;\">Der Tr\u00e4ger wird sein T\u00e4tigkeitsfeld ab 2026 erweitern und sich k\u00fcnftig auch der station\u00e4ren Hospizarbeit widmen.<\/span><\/p>              \n                            \t\t<div class=\"btn_wrap\"><a class=\"uc_more_btn\" href=\"https:\/\/wuhlewanderer.de\/wuhlewanderer\/hospiz\/\" ><span  class=\"uc_style_image_card_content_box_elementor_btn_text\" >Hospiz<\/span><\/a><\/div>\n              \n            <\/div>\n        <\/div>\n   <\/div>\n<!-- end Image Card Content Box -->\t\t\t\t<\/div>\n\t\t\t\t<\/div>\n\t\t\t\t\t<\/div>\n\t\t<\/div>\n\t\t\t\t\t<\/div>\n\t\t<\/section>\n\t\t\t\t<section class=\"elementor-section elementor-top-section elementor-element elementor-element-244f0b5 elementor-section-boxed elementor-section-height-default elementor-section-height-default\" data-id=\"244f0b5\" data-element_type=\"section\" data-e-type=\"section\" data-settings=\"{&quot;shape_divider_bottom&quot;:&quot;waves&quot;}\">\n\t\t\t\t\t<div class=\"elementor-shape elementor-shape-bottom\" aria-hidden=\"true\" data-negative=\"false\">\n\t\t\t<svg xmlns=\"http:\/\/www.w3.org\/2000\/svg\" viewBox=\"0 0 1000 100\" preserveAspectRatio=\"none\">\n\t<path class=\"elementor-shape-fill\" d=\"M421.9,6.5c22.6-2.5,51.5,0.4,75.5,5.3c23.6,4.9,70.9,23.5,100.5,35.7c75.8,32.2,133.7,44.5,192.6,49.7\n\tc23.6,2.1,48.7,3.5,103.4-2.5c54.7-6,106.2-25.6,106.2-25.6V0H0v30.3c0,0,72,32.6,158.4,30.5c39.2-0.7,92.8-6.7,134-22.4\n\tc21.2-8.1,52.2-18.2,79.7-24.2C399.3,7.9,411.6,7.5,421.9,6.5z\"\/>\n<\/svg>\t\t<\/div>\n\t\t\t\t\t<div class=\"elementor-container elementor-column-gap-default\">\n\t\t\t\t\t<div class=\"elementor-column elementor-col-100 elementor-top-column elementor-element elementor-element-eeae67e\" data-id=\"eeae67e\" data-element_type=\"column\" data-e-type=\"column\">\n\t\t\t<div class=\"elementor-widget-wrap elementor-element-populated\">\n\t\t\t\t\t\t<div class=\"elementor-element elementor-element-7b14907 elementor-widget elementor-widget-ucaddon_image_card_content_box\" data-id=\"7b14907\" data-element_type=\"widget\" data-e-type=\"widget\" data-widget_type=\"ucaddon_image_card_content_box.default\">\n\t\t\t\t<div class=\"elementor-widget-container\">\n\t\t\t\t\t\n<!-- start Image Card Content Box -->\n<style>\/* widget: Image Card Content Box *\/\n\n.uc_classic_content *{\n\tbox-sizing: border-box;\n}\n\n#uc_image_card_content_box_elementor_7b14907 \n{\n\tfont-size:14px;\n\toverflow:hidden;\n\tcolor:#8a8a8a;\n\ttext-align:left;\n\tposition:relative;\n\twidth:100%;\n    box-shadow:rgba(0,0,0,0.10) 0px 5px 20px;\n}\n\n.uc_classic_content .uc_classic_content_content h2\n{\n\tfont-size:21px;\n    color:black;\n}\n\n.uc_classic_content .uc_classic_content_content p\n{\n\tline-height:1.5em;\n}\n\n.uc_classic_content .uc_classic_content_border\n{\n\tdisplay:block;\n    margin: 0 auto;\n}\n\n.uc_classic_content  .uc_classic_content_placeholder img\n{\n\twidth:100%;\n    object-fit:cover;\n}\n\n#uc_image_card_content_box_elementor_7b14907 .uc_classic_content_content \n{\n display: flex;\n flex-flow: column nowrap;\n}\n#uc_image_card_content_box_elementor_7b14907 .btn_wrap\n{\n  margin-top:auto;\n}\n#uc_image_card_content_box_elementor_7b14907 .uc_classic_content_content .uc_more_btn {\n\tdisplay:inline-block;\n\ttext-decoration:none;\n\ttransition: all 0.5s ease;\n    border-style:solid;\n    text-align:center;\n    \n\n}\n\n\n\n\n\n<\/style>\n\n<div class=\"uc_classic_content\" id=\"uc_image_card_content_box_elementor_7b14907\">\n  <span class=\"uc_classic_content_border\"><\/span>\n    \t<div class=\"uc_classic_content_container_holder\">\n                  \t<div class=\"uc_classic_content_placeholder\">\n        \t\t<img decoding=\"async\" src=\"https:\/\/i0.wp.com\/wuhlewanderer.de\/wuhlewanderer\/wp-content\/uploads\/2022\/06\/20220525_120043.jpg?fit=2000%2C924&amp;#038;ssl=1\" alt=\"\">\n            <\/div>\n                      <div class=\"uc_classic_content_content\">\n              <h2 style=\"\"><span  class=\"uc_style_image_card_content_box_elementor_title\" style=\"color:#2071B7;\">Karriere in bei den Wuhlewanderern<\/span><\/h2>              <p style=\"\"><span  class=\"uc_style_image_card_content_box_elementor_content\" style=\"color:#000;\">Sind Sie auf der Suche nach einer neuen Herausforderung?\nWir suchen kontinuierlich engagierte Mitarbeiter:innen (m\/w\/d), die unsere Teams verst\u00e4rken und bereichern.<\/span><\/p>              \n                            \t\t<div class=\"btn_wrap\"><a class=\"uc_more_btn\" href=\"https:\/\/wuhlewanderer.de\/wuhlewanderer\/freie-stellen\/\" >FREIE STELLEN<\/a><\/div>\n              \n            <\/div>\n        <\/div>\n   <\/div>\n<!-- end Image Card Content Box -->\t\t\t\t<\/div>\n\t\t\t\t<\/div>\n\t\t\t\t\t<\/div>\n\t\t<\/div>\n\t\t\t\t\t<\/div>\n\t\t<\/section>\n\t\t\t\t<section class=\"elementor-section elementor-top-section elementor-element elementor-element-91f7786 elementor-section-boxed elementor-section-height-default elementor-section-height-default\" data-id=\"91f7786\" data-element_type=\"section\" data-e-type=\"section\" data-settings=\"{&quot;background_background&quot;:&quot;classic&quot;}\">\n\t\t\t\t\t\t<div class=\"elementor-container elementor-column-gap-default\">\n\t\t\t\t\t<div class=\"elementor-column elementor-col-100 elementor-top-column elementor-element elementor-element-6c1a8be\" data-id=\"6c1a8be\" data-element_type=\"column\" data-e-type=\"column\">\n\t\t\t<div class=\"elementor-widget-wrap elementor-element-populated\">\n\t\t\t\t\t\t<div class=\"elementor-element elementor-element-2c469f5 elementor-widget elementor-widget-spacer\" data-id=\"2c469f5\" data-element_type=\"widget\" data-e-type=\"widget\" data-widget_type=\"spacer.default\">\n\t\t\t\t\t\t\t<div class=\"elementor-spacer\">\n\t\t\t<div class=\"elementor-spacer-inner\"><\/div>\n\t\t<\/div>\n\t\t\t\t\t\t<\/div>\n\t\t\t\t\t<\/div>\n\t\t<\/div>\n\t\t\t\t\t<\/div>\n\t\t<\/section>\n\t\t\t\t<section class=\"elementor-section elementor-top-section elementor-element elementor-element-72716cd4 elementor-section-stretched elementor-section-boxed elementor-section-height-default elementor-section-height-default\" data-id=\"72716cd4\" data-element_type=\"section\" data-e-type=\"section\" data-settings=\"{&quot;stretch_section&quot;:&quot;section-stretched&quot;}\">\n\t\t\t\t\t\t\t<div class=\"elementor-background-overlay\"><\/div>\n\t\t\t\t\t\t\t<div class=\"elementor-container elementor-column-gap-default\">\n\t\t\t\t\t<div class=\"elementor-column elementor-col-100 elementor-top-column elementor-element elementor-element-68a01d58\" data-id=\"68a01d58\" data-element_type=\"column\" data-e-type=\"column\">\n\t\t\t<div class=\"elementor-widget-wrap elementor-element-populated\">\n\t\t\t\t\t\t<div class=\"elementor-element elementor-element-606bfccc premium-title-color elementor-widget elementor-widget-premium-addon-title\" data-id=\"606bfccc\" data-element_type=\"widget\" data-e-type=\"widget\" data-widget_type=\"premium-addon-title.default\">\n\t\t\t\t\t\n\t\t<div class=\"premium-title-container style7\">\n\t\t\t<h3 class=\"premium-title-header premium-title-style7\">\n\t\t\t\t\t\t\t\t\t\t\t\t\t\t\t<span class=\"premium-title-style7-stripe-wrap\">\n\t\t\t\t\t\t\t<span class=\"premium-title-style7-stripe\"><\/span>\n\t\t\t\t\t\t<\/span>\n\t\t\t\t\t\t\t\t\t\t<div class=\"premium-title-style7-inner\">\n\t\t\t\t\n\t\t\t\t\n\t\t\t\t\t\t\t\t\t\t\t\t\t\t\t\t\t\t\t\t\t<span class=\"premium-title-text\">\n\t\t\t\t\tNews\t\t\t\t<\/span>\n\t\t\t\t\t\n\t\t\t\t\t\t\t\t\t<\/div>\n\t\t\t\t\t\t\t\t\t\t\t\t\t<a href=\"https:\/\/wuhlewanderer.de\/wuhlewanderer\/wuhlewanderern\/aktuelles\/\"><\/a>\n\t\t\t\t\n\t\t\t\t\t\t\t<\/h3>\n\n\t\t<\/div>\n\n\t\t\t\t\t\t<\/div>\n\t\t\t\t<div class=\"elementor-element elementor-element-e1308a0 elementor-widget elementor-widget-shortcode\" data-id=\"e1308a0\" data-element_type=\"widget\" data-e-type=\"widget\" data-widget_type=\"shortcode.default\">\n\t\t\t\t\t\t\t<div class=\"elementor-shortcode\"><iframe src=\"https:\/\/widget.tagembed.com\/157235?view\" style=\" width:100%;height:500px;overflow: auto;\" frameborder=\"0\" allowtransparency=\"true\"><\/iframe><\/div>\n\t\t\t\t\t\t<\/div>\n\t\t\t\t\t<\/div>\n\t\t<\/div>\n\t\t\t\t\t<\/div>\n\t\t<\/section>\n\t\t\t\t<\/div>\n\t\t","protected":false},"excerpt":{"rendered":"<p>Herzlich Willkommen bei der Wuhlewanderer gGmbH Wertsch\u00e4tzung leben, Vielfalt entdecken. Wir freuen uns darauf, Sie bei uns begr\u00fc\u00dfen zu d\u00fcrfen ! Wir sind ein gemeinn\u00fctziger Tr\u00e4ger von Einrichtungen in Berlin, bei dem die selbstst\u00e4ndige Entwicklung des Kindes an erster Stelle steht. Unser engagiertes und erfahrenes Personal bietet ein abwechslungsreiches Tagesprogramm, das auf die individuellen Bed\u00fcrfnisse [&hellip;]<\/p>\n","protected":false},"author":4,"featured_media":0,"parent":0,"menu_order":0,"comment_status":"closed","ping_status":"closed","template":"","meta":{"advanced_seo_description":"","jetpack_seo_html_title":"","jetpack_seo_noindex":false,"footnotes":""},"class_list":["post-2","page","type-page","status-publish","hentry"],"jetpack_sharing_enabled":true,"_links":{"self":[{"href":"https:\/\/wuhlewanderer.de\/wuhlewanderer\/wp-json\/wp\/v2\/pages\/2","targetHints":{"allow":["GET"]}}],"collection":[{"href":"https:\/\/wuhlewanderer.de\/wuhlewanderer\/wp-json\/wp\/v2\/pages"}],"about":[{"href":"https:\/\/wuhlewanderer.de\/wuhlewanderer\/wp-json\/wp\/v2\/types\/page"}],"author":[{"embeddable":true,"href":"https:\/\/wuhlewanderer.de\/wuhlewanderer\/wp-json\/wp\/v2\/users\/4"}],"replies":[{"embeddable":true,"href":"https:\/\/wuhlewanderer.de\/wuhlewanderer\/wp-json\/wp\/v2\/comments?post=2"}],"version-history":[{"count":0,"href":"https:\/\/wuhlewanderer.de\/wuhlewanderer\/wp-json\/wp\/v2\/pages\/2\/revisions"}],"wp:attachment":[{"href":"https:\/\/wuhlewanderer.de\/wuhlewanderer\/wp-json\/wp\/v2\/media?parent=2"}],"curies":[{"name":"wp","href":"https:\/\/api.w.org\/{rel}","templated":true}]}}